{"id":420,"date":"2022-01-07T21:59:36","date_gmt":"2022-01-07T21:59:36","guid":{"rendered":"https:\/\/kitchensemilio.com\/?page_id=420"},"modified":"2022-01-07T22:02:15","modified_gmt":"2022-01-07T22:02:15","slug":"products","status":"publish","type":"page","link":"https:\/\/kitchensemilio.com\/index.php\/products\/","title":{"rendered":"Products"},"content":{"rendered":"\t\t<div data-elementor-type=\"wp-page\" data-elementor-id=\"420\" class=\"elementor elementor-420\">\n\t\t\t\t\t\t<section class=\"elementor-section elementor-top-section elementor-element elementor-element-ddbf3dc elementor-section-boxed elementor-section-height-default elementor-section-height-default\" data-id=\"ddbf3dc\" data-element_type=\"section\" data-settings=\"{&quot;background_background&quot;:&quot;classic&quot;,&quot;mdp_selection_sticky_effect_enable&quot;:false}\">\n\t\t\t\t\t\t<div class=\"elementor-container elementor-column-gap-no\">\n\t\t\t\t\t<div class=\"elementor-column elementor-col-100 elementor-top-column elementor-element elementor-element-44519477\" data-id=\"44519477\" data-element_type=\"column\" data-settings=\"{&quot;mdp_selection_sticky_column_effect_enable&quot;:false}\">\n\t\t\t<div class=\"elementor-widget-wrap elementor-element-populated\">\n\t\t\t\t\t\t<div class=\"elementor-element elementor-element-335c09ed elementor-widget elementor-widget-menu-anchor\" data-id=\"335c09ed\" data-element_type=\"widget\" data-widget_type=\"menu-anchor.default\">\n\t\t\t\t<div class=\"elementor-widget-container\">\n\t\t\t\t\t<div class=\"elementor-menu-anchor\" id=\"enkel-top\"><\/div>\n\t\t\t\t<\/div>\n\t\t\t\t<\/div>\n\t\t\t\t<div class=\"elementor-element elementor-element-49944252 elementor-widget__width-auto elementor-widget elementor-widget-theme-site-title\" data-id=\"49944252\" data-element_type=\"widget\" data-widget_type=\"theme-site-title.default\">\n\t\t\t\t<div class=\"elementor-widget-container\">\n\t\t\t \t\t<\/div>\n\t\t\t\t<\/div>\n\t\t\t\t<div class=\"elementor-element elementor-element-5f614cce elementor-widget__width-auto elementor-widget elementor-widget-heading\" data-id=\"5f614cce\" data-element_type=\"widget\" data-widget_type=\"heading.default\">\n\t\t\t\t<div class=\"elementor-widget-container\">\n\t\t\t<div class=\"elementor-heading-title elementor-size-default\">\/<\/div>\t\t<\/div>\n\t\t\t\t<\/div>\n\t\t\t\t\t<\/div>\n\t\t<\/div>\n\t\t\t\t\t<\/div>\n\t\t<\/section>\n\t\t\t\t<section class=\"elementor-section elementor-top-section elementor-element elementor-element-ba522a4 elementor-section-full_width elementor-section-height-default elementor-section-height-default\" data-id=\"ba522a4\" data-element_type=\"section\" data-settings=\"{&quot;mdp_selection_sticky_effect_enable&quot;:false}\">\n\t\t\t\t\t\t<div class=\"elementor-container elementor-column-gap-no\">\n\t\t\t\t\t<div class=\"elementor-column elementor-col-100 elementor-top-column elementor-element elementor-element-6b7105c1\" data-id=\"6b7105c1\" data-element_type=\"column\" data-settings=\"{&quot;mdp_selection_sticky_column_effect_enable&quot;:false}\">\n\t\t\t<div class=\"elementor-widget-wrap elementor-element-populated\">\n\t\t\t\t\t\t<div class=\"elementor-element elementor-element-b2a3a3e elementor-widget elementor-widget-text-editor\" data-id=\"b2a3a3e\" data-element_type=\"widget\" data-widget_type=\"text-editor.default\">\n\t\t\t\t<div class=\"elementor-widget-container\">\n\t\t\t\t\t\t\t<p>En Kitchens Emilio Somos especialistas en el montaje de cocinas y llevamos m\u00e1s de 30 a\u00f1os dedic\u00e1ndonos a fabricar e instalar cocinas a medida en hogares particulares de la zona de Gran Alacant a Campoamor incluyendo todo el \u00e1rea de la Vega Baja. Para otros lugares pueden consultarnos.<\/p><p>Una de las cosas que nos caracteriza es nuestro trato cordial y amable a la hora de planificar y dise\u00f1ar su cocina. Sabemos que entender sus necesidades es clave para poder dise\u00f1ar la cocina que deseas. Por esa raz\u00f3n contamos en nuestro equipo con traductores nativos de distintos pa\u00edses de Europa para que no tengas que preocuparte por nada.<\/p><p>Contamos con un equipo profesional de alba\u00f1iles para realizar toda la reforma de su cocina sin que tenga que preocuparse por nada.<\/p><p>Adem\u00e1s, para que su cocina quede completa, desde Kitchens Emilio facilitamos todo tipo de electrodom\u00e9sticos del hogar.<\/p><p>Tenemos miles de materiales y combinaciones posibles para poder hacer que su cocina sea un lugar \u00fanico y especial. Ponte en contacto con nosotros e inv\u00edtanos a visitar tu cocina. Tranquilamente estudiaremos los materiales, tomaremos medidas y te haremos un presupuesto sin compromiso.<\/p>\t\t\t\t\t\t<\/div>\n\t\t\t\t<\/div>\n\t\t\t\t<div class=\"elementor-element elementor-element-7b72b82a elementor-widget__width-inherit elementor-widget elementor-widget-gallery\" data-id=\"7b72b82a\" data-element_type=\"widget\" data-widget_type=\"gallery.default\">\n\t\t\t\t<div class=\"elementor-widget-container\">\n\t\t\t \t\t<\/div>\n\t\t\t\t<\/div>\n\t\t\t\t\t<\/div>\n\t\t<\/div>\n\t\t\t\t\t<\/div>\n\t\t<\/section>\n\t\t\t\t<\/div>\n\t\t","protected":false},"excerpt":{"rendered":"<p>\/ En Kitchens Emilio Somos especialistas en el montaje de cocinas y llevamos m\u00e1s de 30 a\u00f1os dedic\u00e1ndonos a fabricar e instalar cocinas a medida en hogares particulares de la zona de Gran Alacant a Campoamor incluyendo todo el \u00e1rea de la Vega Baja. Para otros lugares pueden consultarnos. Una de las cosas que nos [&hellip;]<\/p>\n","protected":false},"author":1,"featured_media":0,"parent":0,"menu_order":0,"comment_status":"closed","ping_status":"closed","template":"","meta":{"om_disable_all_campaigns":false,"_monsterinsights_skip_tracking":false,"_monsterinsights_sitenote_active":false,"_monsterinsights_sitenote_note":"","_monsterinsights_sitenote_category":0,"footnotes":""},"class_list":["post-420","page","type-page","status-publish","hentry"],"aioseo_notices":[],"_links":{"self":[{"href":"https:\/\/kitchensemilio.com\/index.php\/wp-json\/wp\/v2\/pages\/420"}],"collection":[{"href":"https:\/\/kitchensemilio.com\/index.php\/wp-json\/wp\/v2\/pages"}],"about":[{"href":"https:\/\/kitchensemilio.com\/index.php\/wp-json\/wp\/v2\/types\/page"}],"author":[{"embeddable":true,"href":"https:\/\/kitchensemilio.com\/index.php\/wp-json\/wp\/v2\/users\/1"}],"replies":[{"embeddable":true,"href":"https:\/\/kitchensemilio.com\/index.php\/wp-json\/wp\/v2\/comments?post=420"}],"version-history":[{"count":4,"href":"https:\/\/kitchensemilio.com\/index.php\/wp-json\/wp\/v2\/pages\/420\/revisions"}],"predecessor-version":[{"id":424,"href":"https:\/\/kitchensemilio.com\/index.php\/wp-json\/wp\/v2\/pages\/420\/revisions\/424"}],"wp:attachment":[{"href":"https:\/\/kitchensemilio.com\/index.php\/wp-json\/wp\/v2\/media?parent=420"}],"curies":[{"name":"wp","href":"https:\/\/api.w.org\/{rel}","templated":true}]}}