{"id":440,"date":"2022-01-11T09:17:20","date_gmt":"2022-01-11T09:17:20","guid":{"rendered":"https:\/\/kitchensemilio.com\/?page_id=440"},"modified":"2022-01-14T11:25:05","modified_gmt":"2022-01-14T11:25:05","slug":"reformas","status":"publish","type":"page","link":"https:\/\/kitchensemilio.com\/index.php\/reformas\/","title":{"rendered":"Reformas"},"content":{"rendered":"\t\t<div data-elementor-type=\"wp-page\" data-elementor-id=\"440\" class=\"elementor elementor-440\">\n\t\t\t\t\t\t<section class=\"elementor-section elementor-top-section elementor-element elementor-element-ddbf3dc elementor-section-boxed elementor-section-height-default elementor-section-height-default\" data-id=\"ddbf3dc\" data-element_type=\"section\" data-settings=\"{&quot;background_background&quot;:&quot;classic&quot;,&quot;mdp_selection_sticky_effect_enable&quot;:false}\">\n\t\t\t\t\t\t<div class=\"elementor-container elementor-column-gap-no\">\n\t\t\t\t\t<div class=\"elementor-column elementor-col-100 elementor-top-column elementor-element elementor-element-44519477\" data-id=\"44519477\" data-element_type=\"column\" data-settings=\"{&quot;mdp_selection_sticky_column_effect_enable&quot;:false}\">\n\t\t\t<div class=\"elementor-widget-wrap elementor-element-populated\">\n\t\t\t\t\t\t<div class=\"elementor-element elementor-element-335c09ed elementor-widget elementor-widget-menu-anchor\" data-id=\"335c09ed\" data-element_type=\"widget\" data-widget_type=\"menu-anchor.default\">\n\t\t\t\t<div class=\"elementor-widget-container\">\n\t\t\t\t\t<div class=\"elementor-menu-anchor\" id=\"enkel-top\"><\/div>\n\t\t\t\t<\/div>\n\t\t\t\t<\/div>\n\t\t\t\t<div class=\"elementor-element elementor-element-49944252 elementor-widget__width-auto elementor-widget elementor-widget-theme-site-title\" data-id=\"49944252\" data-element_type=\"widget\" data-widget_type=\"theme-site-title.default\">\n\t\t\t\t<div class=\"elementor-widget-container\">\n\t\t\t \t\t<\/div>\n\t\t\t\t<\/div>\n\t\t\t\t<div class=\"elementor-element elementor-element-5f614cce elementor-widget__width-auto elementor-widget elementor-widget-heading\" data-id=\"5f614cce\" data-element_type=\"widget\" data-widget_type=\"heading.default\">\n\t\t\t\t<div class=\"elementor-widget-container\">\n\t\t\t<div class=\"elementor-heading-title elementor-size-default\">\/<\/div>\t\t<\/div>\n\t\t\t\t<\/div>\n\t\t\t\t\t<\/div>\n\t\t<\/div>\n\t\t\t\t\t<\/div>\n\t\t<\/section>\n\t\t\t\t<section class=\"elementor-section elementor-top-section elementor-element elementor-element-ba522a4 elementor-section-full_width elementor-section-height-default elementor-section-height-default\" data-id=\"ba522a4\" data-element_type=\"section\" data-settings=\"{&quot;mdp_selection_sticky_effect_enable&quot;:false}\">\n\t\t\t\t\t\t<div class=\"elementor-container elementor-column-gap-no\">\n\t\t\t\t\t<div class=\"elementor-column elementor-col-100 elementor-top-column elementor-element elementor-element-6b7105c1\" data-id=\"6b7105c1\" data-element_type=\"column\" data-settings=\"{&quot;mdp_selection_sticky_column_effect_enable&quot;:false}\">\n\t\t\t<div class=\"elementor-widget-wrap elementor-element-populated\">\n\t\t\t\t\t\t<div class=\"elementor-element elementor-element-d1113c0 elementor-widget elementor-widget-text-editor\" data-id=\"d1113c0\" data-element_type=\"widget\" data-widget_type=\"text-editor.default\">\n\t\t\t\t<div class=\"elementor-widget-container\">\n\t\t\t\t\t\t\t<h2>Nuestros Trabajos en Reformas<\/h2>\t\t\t\t\t\t<\/div>\n\t\t\t\t<\/div>\n\t\t\t\t<div class=\"elementor-element elementor-element-b2a3a3e elementor-widget elementor-widget-text-editor\" data-id=\"b2a3a3e\" data-element_type=\"widget\" data-widget_type=\"text-editor.default\">\n\t\t\t\t<div class=\"elementor-widget-container\">\n\t\t\t\t\t\t\t<p>En Kitchens Emilio contamos con un equipo de profesionales en alba\u00f1iler\u00eda que podr\u00e1n ofrecerle las mejores soluciones en las reformas del hogar. Si est\u00e1 buscando reformar el ba\u00f1o, hacer una instalaci\u00f3n de aire acondicionado, reformar su cocina o hacer reformas en su jard\u00edn, el equipo de alba\u00f1iles planificar\u00e1 su obra para que no tenga que preocuparse por nada.<\/p><p>Para hacer cualquier tipo de reforma en su hogar es necesario contar con profesionales con una alta experiencia y que tengan capacidad de ofrecerle la soluci\u00f3n perfecta. Desde Kitchens Emilio ofrecemos un servicio profesional de alba\u00f1iler\u00eda para combinarlo con el montaje de cocinas, ba\u00f1os, p\u00e9rgolas y cualquier servicio de carpinter\u00eda y as\u00ed hacer que no tenga que preocuparse por nada.<\/p><p>Si est\u00e1 buscando una empresa profesional de reformas, p\u00f3ngase en contacto con nosotros y mandaremos a nuestro equipo para que escuche sus ideas y as\u00ed poder ofrecerle la mejor soluci\u00f3n.<\/p>\t\t\t\t\t\t<\/div>\n\t\t\t\t<\/div>\n\t\t\t\t<div class=\"elementor-element elementor-element-7b72b82a elementor-widget__width-inherit elementor-widget elementor-widget-gallery\" data-id=\"7b72b82a\" data-element_type=\"widget\" data-widget_type=\"gallery.default\">\n\t\t\t\t<div class=\"elementor-widget-container\">\n\t\t\t \t\t<\/div>\n\t\t\t\t<\/div>\n\t\t\t\t\t<\/div>\n\t\t<\/div>\n\t\t\t\t\t<\/div>\n\t\t<\/section>\n\t\t\t\t<\/div>\n\t\t","protected":false},"excerpt":{"rendered":"<p>\/ Nuestros Trabajos en Reformas En Kitchens Emilio contamos con un equipo de profesionales en alba\u00f1iler\u00eda que podr\u00e1n ofrecerle las mejores soluciones en las reformas del hogar. Si est\u00e1 buscando reformar el ba\u00f1o, hacer una instalaci\u00f3n de aire acondicionado, reformar su cocina o hacer reformas en su jard\u00edn, el equipo de alba\u00f1iles planificar\u00e1 su obra [&hellip;]<\/p>\n","protected":false},"author":1,"featured_media":0,"parent":0,"menu_order":0,"comment_status":"closed","ping_status":"closed","template":"","meta":{"om_disable_all_campaigns":false,"_monsterinsights_skip_tracking":false,"_monsterinsights_sitenote_active":false,"_monsterinsights_sitenote_note":"","_monsterinsights_sitenote_category":0,"footnotes":""},"class_list":["post-440","page","type-page","status-publish","hentry"],"aioseo_notices":[],"_links":{"self":[{"href":"https:\/\/kitchensemilio.com\/index.php\/wp-json\/wp\/v2\/pages\/440"}],"collection":[{"href":"https:\/\/kitchensemilio.com\/index.php\/wp-json\/wp\/v2\/pages"}],"about":[{"href":"https:\/\/kitchensemilio.com\/index.php\/wp-json\/wp\/v2\/types\/page"}],"author":[{"embeddable":true,"href":"https:\/\/kitchensemilio.com\/index.php\/wp-json\/wp\/v2\/users\/1"}],"replies":[{"embeddable":true,"href":"https:\/\/kitchensemilio.com\/index.php\/wp-json\/wp\/v2\/comments?post=440"}],"version-history":[{"count":10,"href":"https:\/\/kitchensemilio.com\/index.php\/wp-json\/wp\/v2\/pages\/440\/revisions"}],"predecessor-version":[{"id":805,"href":"https:\/\/kitchensemilio.com\/index.php\/wp-json\/wp\/v2\/pages\/440\/revisions\/805"}],"wp:attachment":[{"href":"https:\/\/kitchensemilio.com\/index.php\/wp-json\/wp\/v2\/media?parent=440"}],"curies":[{"name":"wp","href":"https:\/\/api.w.org\/{rel}","templated":true}]}}