{"id":449,"date":"2022-01-11T09:35:51","date_gmt":"2022-01-11T09:35:51","guid":{"rendered":"https:\/\/kitchensemilio.com\/?page_id=449"},"modified":"2022-02-07T20:34:58","modified_gmt":"2022-02-07T20:34:58","slug":"armarios","status":"publish","type":"page","link":"https:\/\/kitchensemilio.com\/index.php\/armarios\/","title":{"rendered":"Armarios"},"content":{"rendered":"\t\t<div data-elementor-type=\"wp-page\" data-elementor-id=\"449\" class=\"elementor elementor-449\">\n\t\t\t\t\t\t<section class=\"elementor-section elementor-top-section elementor-element elementor-element-ddbf3dc elementor-section-boxed elementor-section-height-default elementor-section-height-default\" data-id=\"ddbf3dc\" data-element_type=\"section\" data-settings=\"{&quot;background_background&quot;:&quot;classic&quot;,&quot;mdp_selection_sticky_effect_enable&quot;:false}\">\n\t\t\t\t\t\t<div class=\"elementor-container elementor-column-gap-no\">\n\t\t\t\t\t<div class=\"elementor-column elementor-col-100 elementor-top-column elementor-element elementor-element-44519477\" data-id=\"44519477\" data-element_type=\"column\" data-settings=\"{&quot;mdp_selection_sticky_column_effect_enable&quot;:false}\">\n\t\t\t<div class=\"elementor-widget-wrap elementor-element-populated\">\n\t\t\t\t\t\t<div class=\"elementor-element elementor-element-335c09ed elementor-widget elementor-widget-menu-anchor\" data-id=\"335c09ed\" data-element_type=\"widget\" data-widget_type=\"menu-anchor.default\">\n\t\t\t\t<div class=\"elementor-widget-container\">\n\t\t\t\t\t<div class=\"elementor-menu-anchor\" id=\"enkel-top\"><\/div>\n\t\t\t\t<\/div>\n\t\t\t\t<\/div>\n\t\t\t\t<div class=\"elementor-element elementor-element-49944252 elementor-widget__width-auto elementor-widget elementor-widget-theme-site-title\" data-id=\"49944252\" data-element_type=\"widget\" data-widget_type=\"theme-site-title.default\">\n\t\t\t\t<div class=\"elementor-widget-container\">\n\t\t\t \t\t<\/div>\n\t\t\t\t<\/div>\n\t\t\t\t<div class=\"elementor-element elementor-element-5f614cce elementor-widget__width-auto elementor-widget elementor-widget-heading\" data-id=\"5f614cce\" data-element_type=\"widget\" data-widget_type=\"heading.default\">\n\t\t\t\t<div class=\"elementor-widget-container\">\n\t\t\t<div class=\"elementor-heading-title elementor-size-default\">\/<\/div>\t\t<\/div>\n\t\t\t\t<\/div>\n\t\t\t\t\t<\/div>\n\t\t<\/div>\n\t\t\t\t\t<\/div>\n\t\t<\/section>\n\t\t\t\t<section class=\"elementor-section elementor-top-section elementor-element elementor-element-ba522a4 elementor-section-full_width elementor-section-height-default elementor-section-height-default\" data-id=\"ba522a4\" data-element_type=\"section\" data-settings=\"{&quot;mdp_selection_sticky_effect_enable&quot;:false}\">\n\t\t\t\t\t\t<div class=\"elementor-container elementor-column-gap-no\">\n\t\t\t\t\t<div class=\"elementor-column elementor-col-100 elementor-top-column elementor-element elementor-element-6b7105c1\" data-id=\"6b7105c1\" data-element_type=\"column\" data-settings=\"{&quot;mdp_selection_sticky_column_effect_enable&quot;:false}\">\n\t\t\t<div class=\"elementor-widget-wrap elementor-element-populated\">\n\t\t\t\t\t\t<div class=\"elementor-element elementor-element-07a6cd0 elementor-widget elementor-widget-text-editor\" data-id=\"07a6cd0\" data-element_type=\"widget\" data-widget_type=\"text-editor.default\">\n\t\t\t\t<div class=\"elementor-widget-container\">\n\t\t\t\t\t\t\t<h2>Somos especialistas en Muebles<\/h2>\t\t\t\t\t\t<\/div>\n\t\t\t\t<\/div>\n\t\t\t\t<div class=\"elementor-element elementor-element-b2a3a3e elementor-widget elementor-widget-text-editor\" data-id=\"b2a3a3e\" data-element_type=\"widget\" data-widget_type=\"text-editor.default\">\n\t\t\t\t<div class=\"elementor-widget-container\">\n\t\t\t\t\t\t\t<p>Fabricar un armario a medida puede resultar una tarea complicada si no se cuenta con la experiencia necesaria para construirlo. Kitchens Emilio est\u00e1 formada por un equipo de carpinteros profesionales que cuentan con gran experiencia en la fabricaci\u00f3n y montaje de armarios del hogar.<\/p><p>Nuestro equipo tomar\u00e1 medidas, concretar\u00e1 con usted los materiales indicados para su fabricaci\u00f3n y montar\u00e1 el armario de forma profesional para que usted no tenga que preocuparse por nada. La alta calidad de los materiales que utilizamos en la fabricaci\u00f3n de los armarios permite que est\u00e9n en las mejores condiciones a lo largo del tiempo.<\/p><p>Si conf\u00eda en Kitchens Emilio para el montaje de un armario en su casa contar\u00e1 con la experiencia de grandes profesionales que garantizar\u00e1n que el proceso de montaje sea una tarea sencilla y su armario funcione perfectamente durante muchos a\u00f1os.<\/p>\t\t\t\t\t\t<\/div>\n\t\t\t\t<\/div>\n\t\t\t\t<div class=\"elementor-element elementor-element-7b72b82a elementor-widget__width-inherit elementor-widget elementor-widget-gallery\" data-id=\"7b72b82a\" data-element_type=\"widget\" data-widget_type=\"gallery.default\">\n\t\t\t\t<div class=\"elementor-widget-container\">\n\t\t\t \t\t<\/div>\n\t\t\t\t<\/div>\n\t\t\t\t\t<\/div>\n\t\t<\/div>\n\t\t\t\t\t<\/div>\n\t\t<\/section>\n\t\t\t\t<\/div>\n\t\t","protected":false},"excerpt":{"rendered":"<p>\/ Somos especialistas en Muebles Fabricar un armario a medida puede resultar una tarea complicada si no se cuenta con la experiencia necesaria para construirlo. Kitchens Emilio est\u00e1 formada por un equipo de carpinteros profesionales que cuentan con gran experiencia en la fabricaci\u00f3n y montaje de armarios del hogar. Nuestro equipo tomar\u00e1 medidas, concretar\u00e1 con [&hellip;]<\/p>\n","protected":false},"author":1,"featured_media":0,"parent":0,"menu_order":0,"comment_status":"closed","ping_status":"closed","template":"","meta":{"om_disable_all_campaigns":false,"_monsterinsights_skip_tracking":false,"_monsterinsights_sitenote_active":false,"_monsterinsights_sitenote_note":"","_monsterinsights_sitenote_category":0,"footnotes":""},"class_list":["post-449","page","type-page","status-publish","hentry"],"aioseo_notices":[],"_links":{"self":[{"href":"https:\/\/kitchensemilio.com\/index.php\/wp-json\/wp\/v2\/pages\/449"}],"collection":[{"href":"https:\/\/kitchensemilio.com\/index.php\/wp-json\/wp\/v2\/pages"}],"about":[{"href":"https:\/\/kitchensemilio.com\/index.php\/wp-json\/wp\/v2\/types\/page"}],"author":[{"embeddable":true,"href":"https:\/\/kitchensemilio.com\/index.php\/wp-json\/wp\/v2\/users\/1"}],"replies":[{"embeddable":true,"href":"https:\/\/kitchensemilio.com\/index.php\/wp-json\/wp\/v2\/comments?post=449"}],"version-history":[{"count":10,"href":"https:\/\/kitchensemilio.com\/index.php\/wp-json\/wp\/v2\/pages\/449\/revisions"}],"predecessor-version":[{"id":876,"href":"https:\/\/kitchensemilio.com\/index.php\/wp-json\/wp\/v2\/pages\/449\/revisions\/876"}],"wp:attachment":[{"href":"https:\/\/kitchensemilio.com\/index.php\/wp-json\/wp\/v2\/media?parent=449"}],"curies":[{"name":"wp","href":"https:\/\/api.w.org\/{rel}","templated":true}]}}